{"id":12786,"date":"2025-09-24T06:41:46","date_gmt":"2025-09-24T06:41:46","guid":{"rendered":"https:\/\/www.pro-unity.com\/a-propos-de\/ou-nous-trouver\/"},"modified":"2025-11-19T08:02:11","modified_gmt":"2025-11-19T08:02:11","slug":"ou-nous-trouver","status":"publish","type":"page","link":"https:\/\/www.pro-unity.com\/fr\/ou-nous-trouver\/","title":{"rendered":"O\u00f9 nous rencontrer ?"},"content":{"rendered":"<p><div class=\"fusion-fullwidth fullwidth-box fusion-builder-row-1 fusion-flex-container fusion-parallax-none nonhundred-percent-fullwidth non-hundred-percent-height-scrolling fusion-no-small-visibility\" style=\"--awb-border-radius-top-left:0px;--awb-border-radius-top-right:0px;--awb-border-radius-bottom-right:0px;--awb-border-radius-bottom-left:0px;--awb-padding-top:100px;--awb-padding-bottom:100px;--awb-padding-top-medium:48px;--awb-padding-bottom-medium:48px;--awb-margin-top:0px;--awb-margin-bottom:0px;--awb-background-color:#000000;--awb-background-image:url(&quot;https:\/\/www.pro-unity.com\/wp-content\/uploads\/2025\/09\/pexels-jibarofoto-2774556-scaled.avif&quot;);--awb-background-size:cover;--awb-flex-wrap:wrap;\" ><div class=\"fusion-builder-row fusion-row fusion-flex-align-items-center fusion-flex-align-content-flex-end fusion-flex-justify-content-center fusion-flex-content-wrap\" style=\"max-width:1248px;margin-left: calc(-4% \/ 2 );margin-right: calc(-4% \/ 2 );\"><div class=\"fusion-layout-column fusion_builder_column fusion-builder-column-0 fusion_builder_column_1_1 1_1 fusion-flex-column fusion-flex-align-self-flex-end\" style=\"--awb-padding-top:20px;--awb-bg-color:rgba(128,14,95,0);--awb-bg-color-hover:rgba(128,14,95,0);--awb-bg-size:cover;--awb-width-large:100%;--awb-margin-top-large:90px;--awb-spacing-right-large:1.92%;--awb-margin-bottom-large:90px;--awb-spacing-left-large:1.92%;--awb-width-medium:100%;--awb-order-medium:0;--awb-spacing-right-medium:1.92%;--awb-spacing-left-medium:1.92%;--awb-width-small:100%;--awb-order-small:0;--awb-spacing-right-small:1.92%;--awb-spacing-left-small:1.92%;\"><div class=\"fusion-column-wrapper fusion-column-has-shadow fusion-flex-justify-content-flex-start fusion-content-layout-column\"><div class=\"fusion-text fusion-text-1 fusion-animated\" style=\"--awb-margin-top:50px;\" data-animationType=\"fadeIn\" data-animationDuration=\"1.2\" data-animationOffset=\"top-into-view\"><p style=\"text-align: center; --fontsize: 72; line-height: 1.2;\"><b style=\"background-color: rgba(128, 14, 95, 0);\"><span style=\"font-size: 110px; letter-spacing: -0.1px;\" data-fusion-font=\"true\"><span style=\"color: #ffffff;\">O\u00f9 nous rencontrer ?<\/span><\/span><\/b><\/p>\n<\/div><\/div><\/div><\/div><\/div><div class=\"fusion-fullwidth fullwidth-box fusion-builder-row-2 fusion-flex-container has-pattern-background has-mask-background nonhundred-percent-fullwidth non-hundred-percent-height-scrolling\" style=\"--awb-border-radius-top-left:0px;--awb-border-radius-top-right:0px;--awb-border-radius-bottom-right:0px;--awb-border-radius-bottom-left:0px;--awb-background-color:var(--awb-color6);--awb-flex-wrap:wrap;\" ><div class=\"fusion-builder-row fusion-row fusion-flex-align-items-flex-start fusion-flex-justify-content-center fusion-flex-content-wrap\" style=\"max-width:1248px;margin-left: calc(-4% \/ 2 );margin-right: calc(-4% \/ 2 );\"><div class=\"fusion-layout-column fusion_builder_column fusion-builder-column-1 fusion_builder_column_1_3 1_3 fusion-flex-column\" style=\"--awb-bg-size:cover;--awb-width-large:33.3333333333%;--awb-margin-top-large:80px;--awb-spacing-right-large:5.76%;--awb-margin-bottom-large:90px;--awb-spacing-left-large:5.76%;--awb-width-medium:33.3333333333%;--awb-order-medium:0;--awb-spacing-right-medium:5.76%;--awb-spacing-left-medium:5.76%;--awb-width-small:100%;--awb-order-small:0;--awb-spacing-right-small:1.92%;--awb-spacing-left-small:1.92%;\"><div class=\"fusion-column-wrapper fusion-column-has-shadow fusion-flex-justify-content-flex-start fusion-content-layout-column\"><div class=\"fusion-image-element \" style=\"--awb-caption-title-font-family:var(--h2_typography-font-family);--awb-caption-title-font-weight:var(--h2_typography-font-weight);--awb-caption-title-font-style:var(--h2_typography-font-style);--awb-caption-title-size:var(--h2_typography-font-size);--awb-caption-title-transform:var(--h2_typography-text-transform);--awb-caption-title-line-height:var(--h2_typography-line-height);--awb-caption-title-letter-spacing:var(--h2_typography-letter-spacing);\"><span class=\" fusion-imageframe imageframe-none imageframe-1 hover-type-none\"><a class=\"fusion-no-lightbox\" href=\"https:\/\/www.nextconomy.be\/evenement\/total-workforce-summit-3\/\" target=\"_self\" aria-label=\"tws\"><img decoding=\"async\" width=\"2000\" height=\"3000\" src=\"https:\/\/www.pro-unity.com\/wp-content\/uploads\/2025\/09\/tws.svg\" alt class=\"img-responsive wp-image-12783\"\/><\/a><\/span><\/div><\/div><\/div><\/div><\/div><div class=\"fusion-fullwidth fullwidth-box fusion-builder-row-3 fusion-flex-container hundred-percent-fullwidth non-hundred-percent-height-scrolling fusion-no-medium-visibility fusion-no-large-visibility\" style=\"--awb-background-blend-mode:overlay;--awb-border-radius-top-left:0px;--awb-border-radius-top-right:0px;--awb-border-radius-bottom-right:0px;--awb-border-radius-bottom-left:0px;--awb-padding-top:0%;--awb-padding-right:100px;--awb-padding-bottom:0%;--awb-padding-left:100px;--awb-padding-top-medium:30px;--awb-padding-bottom-medium:60px;--awb-padding-right-small:80px;--awb-padding-left-small:80px;--awb-margin-top:0px;--awb-margin-bottom:0px;--awb-background-color:var(--awb-color6);--awb-flex-wrap:wrap;\" ><div class=\"fusion-builder-row fusion-row fusion-flex-align-items-center fusion-flex-align-content-center fusion-flex-content-wrap\" style=\"width:104% !important;max-width:104% !important;margin-left: calc(-4% \/ 2 );margin-right: calc(-4% \/ 2 );\"><div class=\"fusion-layout-column fusion_builder_column fusion-builder-column-2 fusion_builder_column_1_1 1_1 fusion-flex-column\" style=\"--awb-padding-top:33px;--awb-bg-size:cover;--awb-width-large:100%;--awb-margin-top-large:100px;--awb-spacing-right-large:0px;--awb-margin-bottom-large:77px;--awb-spacing-left-large:4.704%;--awb-width-medium:100%;--awb-order-medium:0;--awb-spacing-right-medium:0px;--awb-spacing-left-medium:4.704%;--awb-width-small:100%;--awb-order-small:0;--awb-margin-top-small:40px;--awb-spacing-right-small:0%;--awb-margin-bottom-small:16px;--awb-spacing-left-small:0%;\"><div class=\"fusion-column-wrapper fusion-column-has-shadow fusion-flex-justify-content-flex-start fusion-content-layout-column\"><div class=\"fusion-text fusion-text-2 fusion-animated\" style=\"--awb-text-color:#143840;--awb-margin-left:0px;\" data-animationType=\"fadeIn\" data-animationDuration=\"1.2\" data-animationOffset=\"top-into-view\"><p><span style=\"font-size: 32px; color: var(--awb-color6);\" data-fusion-font=\"true\"><span style=\"color: #143840;\"><span style=\"color: var(--awb-color3);\">The fair forward manifesto<\/span> \u2015 <\/span><span style=\"color: #143840;\">In our hyper-connected world, organizations must design, create, and deploy innovative processes and experiences <\/span><span style=\"font-size: 25px; font-family: Glyphter; color: var(--awb-custom_color_3);\" data-fusion-font=\"true\">U<\/span> <span style=\"color: #143840;\">The best talents must join forces beyond backgrounds, borders, or contract <\/span><span style=\"font-size: 25px; font-family: Glyphter; color: var(--awb-custom_color_1);\" data-fusion-font=\"true\">R<\/span> <span style=\"color: var(--awb-color5);\">forms. <\/span><span style=\"color: #143840;\">We have to move fair forward together, in a world of work where only excellence, agility and enthusiasm count<\/span> <span style=\"font-size: 25px; font-family: Glyphter; color: var(--awb-custom_color_2);\" data-fusion-font=\"true\">Y<\/span><span style=\"color: #143840;\">, and the best talent wins.<\/span><\/span><\/p>\n<\/div><\/div><\/div><\/div><\/div><div class=\"fusion-fullwidth fullwidth-box fusion-builder-row-4 fusion-flex-container nonhundred-percent-fullwidth non-hundred-percent-height-scrolling fusion-no-medium-visibility fusion-no-large-visibility\" style=\"--awb-background-blend-mode:overlay;--awb-border-radius-top-left:0px;--awb-border-radius-top-right:0px;--awb-border-radius-bottom-right:0px;--awb-border-radius-bottom-left:0px;--awb-padding-top:6%;--awb-padding-right:100px;--awb-padding-bottom:10%;--awb-padding-left:178px;--awb-padding-top-medium:30px;--awb-padding-bottom-medium:60px;--awb-padding-top-small:100px;--awb-padding-right-small:80px;--awb-padding-left-small:80px;--awb-margin-top:;--awb-margin-bottom:0px;--awb-background-color:var(--awb-color5);--awb-flex-wrap:wrap;\" ><div class=\"fusion-builder-row fusion-row fusion-flex-align-items-flex-start fusion-flex-align-content-center fusion-flex-content-wrap\" style=\"max-width:1248px;margin-left: calc(-4% \/ 2 );margin-right: calc(-4% \/ 2 );\"><div class=\"fusion-layout-column fusion_builder_column fusion-builder-column-3 fusion_builder_column_1_2 1_2 fusion-flex-column\" style=\"--awb-padding-bottom-small:0px;--awb-bg-size:cover;--awb-width-large:50%;--awb-margin-top-large:0px;--awb-spacing-right-large:11.328%;--awb-margin-bottom-large:0px;--awb-spacing-left-large:3.84%;--awb-width-medium:50%;--awb-order-medium:0;--awb-spacing-right-medium:11.328%;--awb-spacing-left-medium:3.84%;--awb-width-small:100%;--awb-order-small:1;--awb-spacing-right-small:1.92%;--awb-margin-bottom-small:0px;--awb-spacing-left-small:1.92%;\"><div class=\"fusion-column-wrapper fusion-column-has-shadow fusion-flex-justify-content-flex-start fusion-content-layout-column\"><div class=\"fusion-image-element sm-text-align-center\" style=\"--awb-max-width:300px;--awb-caption-title-font-family:var(--h2_typography-font-family);--awb-caption-title-font-weight:var(--h2_typography-font-weight);--awb-caption-title-font-style:var(--h2_typography-font-style);--awb-caption-title-size:var(--h2_typography-font-size);--awb-caption-title-transform:var(--h2_typography-text-transform);--awb-caption-title-line-height:var(--h2_typography-line-height);--awb-caption-title-letter-spacing:var(--h2_typography-letter-spacing);\"><span class=\" fusion-imageframe imageframe-none imageframe-2 hover-type-none fusion-animated\" data-animationType=\"fadeInRight\" data-animationDuration=\"1.2\" data-animationOffset=\"top-into-view\"><img decoding=\"async\" width=\"533\" height=\"530\" alt=\"homme seul sur la plage coucher de soleil\" title=\"Homme couch\u00e9 de soleil plage\" src=\"https:\/\/www.pro-unity.com\/wp-content\/uploads\/2023\/05\/Plan-de-travail-1-copie-9.png\" class=\"img-responsive wp-image-9128\" srcset=\"https:\/\/www.pro-unity.com\/wp-content\/uploads\/2023\/05\/Plan-de-travail-1-copie-9-200x199.png 200w, https:\/\/www.pro-unity.com\/wp-content\/uploads\/2023\/05\/Plan-de-travail-1-copie-9-400x398.png 400w, https:\/\/www.pro-unity.com\/wp-content\/uploads\/2023\/05\/Plan-de-travail-1-copie-9.png 533w\" sizes=\"(max-width: 640px) 100vw, 533px\" \/><\/span><\/div><div class=\"fusion-text fusion-text-3 fusion-animated\" style=\"--awb-font-size:23px;--awb-text-color:#ffffff;\" data-animationType=\"fadeInRight\" data-animationDuration=\"1.2\" data-animationDelay=\"0.2\" data-animationOffset=\"top-into-view\"><p style=\"text-align: center; font-size: 32px; color: var(--awb-color3);\" data-fusion-font=\"true\"><b style=\"line-height: 53px; color: var(--awb-color6);\" data-fusion-font=\"true\">\u00c9quitable \u23af <\/b><span style=\"color: var(--awb-text-color); font-family: var(--awb-text-font-family); font-size: 27px; font-style: var(--awb-text-font-style); font-weight: var(--awb-text-font-weight); letter-spacing: var(--awb-letter-spacing); text-align: var(--awb-content-alignment); text-transform: var(--awb-text-transform); background-color: var(--awb-bg-color);\" data-fusion-font=\"true\">Les organisations doivent aligner les talents sur la base de l&rsquo;\u00e9quit\u00e9.<\/span><\/p>\n<\/div><\/div><\/div><div class=\"fusion-layout-column fusion_builder_column fusion-builder-column-4 fusion_builder_column_1_2 1_2 fusion-flex-column\" style=\"--awb-bg-size:cover;--awb-width-large:50%;--awb-margin-top-large:0px;--awb-spacing-right-large:3.84%;--awb-margin-bottom-large:20px;--awb-spacing-left-large:3.84%;--awb-width-medium:50%;--awb-order-medium:0;--awb-spacing-right-medium:3.84%;--awb-spacing-left-medium:3.84%;--awb-width-small:100%;--awb-order-small:2;--awb-spacing-right-small:1.92%;--awb-spacing-left-small:1.92%;\"><div class=\"fusion-column-wrapper fusion-column-has-shadow fusion-flex-justify-content-flex-start fusion-content-layout-column\"><div class=\"fusion-text fusion-text-4 fusion-animated\" style=\"--awb-font-size:23px;--awb-text-color:#ffffff;\" data-animationType=\"fadeInRight\" data-animationDuration=\"1.2\" data-animationDelay=\"0.2\" data-animationOffset=\"top-into-view\"><p style=\"text-align: center;\">Il est possible d&rsquo;aller plus loin lorsque l&rsquo;on travaille ensemble, ind\u00e9pendamment des origines, des fronti\u00e8res ou des formes de contrat.<\/p>\n<p style=\"text-align: center;\">Elle rend les organisations plus heureuses et plus saines. Ils font progresser les entreprises et la soci\u00e9t\u00e9 avec plus de pouvoir et de valeur. L&rsquo;\u00e9quit\u00e9 est essentielle tout au long du processus, depuis la cr\u00e9ation d&rsquo;une opportunit\u00e9 d&#8217;emploi jusqu&rsquo;\u00e0 la s\u00e9lection, la passation de contrats, la collaboration, la facturation et le paiement. Dans une \u00e9cologie \u00e9quilibr\u00e9e de l&rsquo;offre et de la demande, cela fonctionne dans les deux sens, les offres exactes et honn\u00eates \u00e9tant satisfaites par des propositions pr\u00e9cises de candidats.<\/p>\n<\/div><\/div><\/div><\/div><\/div><div class=\"fusion-fullwidth fullwidth-box fusion-builder-row-5 fusion-flex-container nonhundred-percent-fullwidth non-hundred-percent-height-scrolling fusion-no-medium-visibility fusion-no-large-visibility\" style=\"--awb-background-blend-mode:overlay;--awb-border-radius-top-left:0px;--awb-border-radius-top-right:0px;--awb-border-radius-bottom-right:0px;--awb-border-radius-bottom-left:0px;--awb-padding-top:6%;--awb-padding-right:100px;--awb-padding-bottom:10%;--awb-padding-left:178px;--awb-padding-top-medium:30px;--awb-padding-bottom-medium:60px;--awb-padding-top-small:100px;--awb-padding-right-small:80px;--awb-padding-left-small:80px;--awb-margin-top:;--awb-margin-bottom:0px;--awb-background-color:var(--awb-color6);--awb-flex-wrap:wrap;\" ><div class=\"fusion-builder-row fusion-row fusion-flex-align-items-flex-start fusion-flex-align-content-center fusion-flex-content-wrap\" style=\"max-width:1248px;margin-left: calc(-4% \/ 2 );margin-right: calc(-4% \/ 2 );\"><div class=\"fusion-layout-column fusion_builder_column fusion-builder-column-5 fusion_builder_column_1_2 1_2 fusion-flex-column\" style=\"--awb-padding-bottom-small:0px;--awb-bg-size:cover;--awb-width-large:50%;--awb-margin-top-large:0px;--awb-spacing-right-large:11.328%;--awb-margin-bottom-large:0px;--awb-spacing-left-large:3.84%;--awb-width-medium:50%;--awb-order-medium:0;--awb-spacing-right-medium:11.328%;--awb-spacing-left-medium:3.84%;--awb-width-small:100%;--awb-order-small:1;--awb-spacing-right-small:1.92%;--awb-margin-bottom-small:0px;--awb-spacing-left-small:1.92%;\"><div class=\"fusion-column-wrapper fusion-column-has-shadow fusion-flex-justify-content-flex-start fusion-content-layout-column\"><div class=\"fusion-image-element sm-text-align-center\" style=\"--awb-max-width:300px;--awb-caption-title-font-family:var(--h2_typography-font-family);--awb-caption-title-font-weight:var(--h2_typography-font-weight);--awb-caption-title-font-style:var(--h2_typography-font-style);--awb-caption-title-size:var(--h2_typography-font-size);--awb-caption-title-transform:var(--h2_typography-text-transform);--awb-caption-title-line-height:var(--h2_typography-line-height);--awb-caption-title-letter-spacing:var(--h2_typography-letter-spacing);\"><span class=\" fusion-imageframe imageframe-none imageframe-3 hover-type-none fusion-animated\" data-animationType=\"fadeInRight\" data-animationDuration=\"1.2\" data-animationOffset=\"top-into-view\"><img decoding=\"async\" width=\"533\" height=\"530\" alt=\"femme dans le d\u00e9sert\" title=\"Plan de travail 1 copie 10\" src=\"https:\/\/www.pro-unity.com\/wp-content\/uploads\/2023\/05\/Plan-de-travail-1-copie-10.png\" class=\"img-responsive wp-image-9130\" srcset=\"https:\/\/www.pro-unity.com\/wp-content\/uploads\/2023\/05\/Plan-de-travail-1-copie-10-200x199.png 200w, https:\/\/www.pro-unity.com\/wp-content\/uploads\/2023\/05\/Plan-de-travail-1-copie-10-400x398.png 400w, https:\/\/www.pro-unity.com\/wp-content\/uploads\/2023\/05\/Plan-de-travail-1-copie-10.png 533w\" sizes=\"(max-width: 640px) 100vw, 533px\" \/><\/span><\/div><div class=\"fusion-text fusion-text-5 fusion-animated\" style=\"--awb-font-size:23px;--awb-text-color:#ffffff;\" data-animationType=\"fadeInRight\" data-animationDuration=\"1.2\" data-animationDelay=\"0.2\" data-animationOffset=\"top-into-view\"><p style=\"text-align: center; font-size: 32px; color: var(--awb-color3);\" data-fusion-font=\"true\"><b style=\"line-height: 53px; color: var(--awb-color6);\" data-fusion-font=\"true\"><span style=\"color: var(--awb-color3);\">Aller de l&rsquo;avant \u23af <\/span><\/b><span style=\"font-family: var(--awb-text-font-family); font-size: 30px; font-style: var(--awb-text-font-style); font-weight: var(--awb-text-font-weight); letter-spacing: var(--awb-letter-spacing); text-align: var(--awb-content-alignment); text-transform: var(--awb-text-transform); background-color: var(--awb-bg-color);\" data-fusion-font=\"true\">Partager l&rsquo;esprit d&rsquo;entreprise des dirigeants d&rsquo;entreprise.<\/span><\/p>\n<\/div><\/div><\/div><div class=\"fusion-layout-column fusion_builder_column fusion-builder-column-6 fusion_builder_column_1_2 1_2 fusion-flex-column\" style=\"--awb-bg-size:cover;--awb-width-large:50%;--awb-margin-top-large:0px;--awb-spacing-right-large:3.84%;--awb-margin-bottom-large:20px;--awb-spacing-left-large:3.84%;--awb-width-medium:50%;--awb-order-medium:0;--awb-spacing-right-medium:3.84%;--awb-spacing-left-medium:3.84%;--awb-width-small:100%;--awb-order-small:2;--awb-spacing-right-small:1.92%;--awb-spacing-left-small:1.92%;\"><div class=\"fusion-column-wrapper fusion-column-has-shadow fusion-flex-justify-content-flex-start fusion-content-layout-column\"><div class=\"fusion-text fusion-text-6 fusion-animated\" style=\"--awb-font-size:23px;--awb-text-color:#ffffff;\" data-animationType=\"fadeInRight\" data-animationDuration=\"1.2\" data-animationDelay=\"0.2\" data-animationOffset=\"top-into-view\"><p style=\"text-align: center; color: var(--awb-custom_color_5);\">Stimuler les r\u00e9sultats et la croissance durable gr\u00e2ce \u00e0 la participation et \u00e0 la coop\u00e9ration.<\/p>\n<p style=\"text-align: center; color: var(--awb-custom_color_5);\">Nous disons ce que nous faisons et faisons ce que nous disons. Toutes les id\u00e9es et actions sont align\u00e9es sur les besoins actuels et futurs des utilisateurs et sur leur viabilit\u00e9 \u00e9conomique. En tant qu&rsquo;innovateur, nous nous concentrons naturellement sur la faisabilit\u00e9 technologique. La prestation de ProUnity va au-del\u00e0 d&rsquo;une mise en \u0153uvre efficace, en poussant les fonctionnalit\u00e9s de la plateforme \u00e0 leurs limites dans des solutions personnalis\u00e9es. Notre moteur tourne comme une horloge et nos d\u00e9veloppements internes apportent une valeur ajout\u00e9e de premier ordre.<\/p>\n<\/div><\/div><\/div><\/div><\/div><div class=\"fusion-fullwidth fullwidth-box fusion-builder-row-6 fusion-flex-container nonhundred-percent-fullwidth non-hundred-percent-height-scrolling fusion-no-medium-visibility fusion-no-large-visibility\" style=\"--awb-background-blend-mode:overlay;--awb-border-radius-top-left:0px;--awb-border-radius-top-right:0px;--awb-border-radius-bottom-right:0px;--awb-border-radius-bottom-left:0px;--awb-padding-top:6%;--awb-padding-right:100px;--awb-padding-bottom:10%;--awb-padding-left:178px;--awb-padding-top-medium:30px;--awb-padding-bottom-medium:60px;--awb-padding-top-small:100px;--awb-padding-right-small:80px;--awb-padding-left-small:80px;--awb-margin-top:;--awb-margin-bottom:0px;--awb-background-color:var(--awb-color5);--awb-flex-wrap:wrap;\" ><div class=\"fusion-builder-row fusion-row fusion-flex-align-items-flex-start fusion-flex-align-content-center fusion-flex-content-wrap\" style=\"max-width:1248px;margin-left: calc(-4% \/ 2 );margin-right: calc(-4% \/ 2 );\"><div class=\"fusion-layout-column fusion_builder_column fusion-builder-column-7 fusion_builder_column_1_2 1_2 fusion-flex-column\" style=\"--awb-padding-bottom-small:0px;--awb-bg-size:cover;--awb-width-large:50%;--awb-margin-top-large:0px;--awb-spacing-right-large:11.328%;--awb-margin-bottom-large:0px;--awb-spacing-left-large:3.84%;--awb-width-medium:50%;--awb-order-medium:0;--awb-spacing-right-medium:11.328%;--awb-spacing-left-medium:3.84%;--awb-width-small:100%;--awb-order-small:1;--awb-spacing-right-small:1.92%;--awb-margin-bottom-small:0px;--awb-spacing-left-small:1.92%;\"><div class=\"fusion-column-wrapper fusion-column-has-shadow fusion-flex-justify-content-flex-start fusion-content-layout-column\"><div class=\"fusion-image-element sm-text-align-center\" style=\"--awb-max-width:300px;--awb-caption-title-font-family:var(--h2_typography-font-family);--awb-caption-title-font-weight:var(--h2_typography-font-weight);--awb-caption-title-font-style:var(--h2_typography-font-style);--awb-caption-title-size:var(--h2_typography-font-size);--awb-caption-title-transform:var(--h2_typography-text-transform);--awb-caption-title-line-height:var(--h2_typography-line-height);--awb-caption-title-letter-spacing:var(--h2_typography-letter-spacing);\"><span class=\" fusion-imageframe imageframe-none imageframe-4 hover-type-none fusion-animated\" data-animationType=\"fadeInRight\" data-animationDuration=\"1.2\" data-animationOffset=\"top-into-view\"><img decoding=\"async\" width=\"533\" height=\"530\" alt=\"groupe amis \u00e0 la montagne\" title=\"Plan de travail 1 copie 8\" src=\"https:\/\/www.pro-unity.com\/wp-content\/uploads\/2023\/05\/Plan-de-travail-1-copie-8.png\" class=\"img-responsive wp-image-9126\" srcset=\"https:\/\/www.pro-unity.com\/wp-content\/uploads\/2023\/05\/Plan-de-travail-1-copie-8-200x199.png 200w, https:\/\/www.pro-unity.com\/wp-content\/uploads\/2023\/05\/Plan-de-travail-1-copie-8-400x398.png 400w, https:\/\/www.pro-unity.com\/wp-content\/uploads\/2023\/05\/Plan-de-travail-1-copie-8.png 533w\" sizes=\"(max-width: 640px) 100vw, 533px\" \/><\/span><\/div><div class=\"fusion-text fusion-text-7 fusion-animated\" style=\"--awb-font-size:23px;--awb-text-color:#ffffff;\" data-animationType=\"fadeInRight\" data-animationDuration=\"1.2\" data-animationDelay=\"0.2\" data-animationOffset=\"top-into-view\"><p style=\"text-align: center; font-size: 32px; color: var(--awb-color3);\" data-fusion-font=\"true\"><b style=\"line-height: 53px; color: var(--awb-color6);\" data-fusion-font=\"true\">Ensemble \u23af Travailler en \u00e9quipe avec les clients.<\/b><\/p>\n<\/div><\/div><\/div><div class=\"fusion-layout-column fusion_builder_column fusion-builder-column-8 fusion_builder_column_1_2 1_2 fusion-flex-column\" style=\"--awb-bg-size:cover;--awb-width-large:50%;--awb-margin-top-large:0px;--awb-spacing-right-large:3.84%;--awb-margin-bottom-large:20px;--awb-spacing-left-large:3.84%;--awb-width-medium:50%;--awb-order-medium:0;--awb-spacing-right-medium:3.84%;--awb-spacing-left-medium:3.84%;--awb-width-small:100%;--awb-order-small:2;--awb-spacing-right-small:1.92%;--awb-spacing-left-small:1.92%;\"><div class=\"fusion-column-wrapper fusion-column-has-shadow fusion-flex-justify-content-flex-start fusion-content-layout-column\"><div class=\"fusion-text fusion-text-8 fusion-animated\" style=\"--awb-font-size:23px;--awb-text-color:#ffffff;\" data-animationType=\"fadeInRight\" data-animationDuration=\"1.2\" data-animationDelay=\"0.2\" data-animationOffset=\"top-into-view\"><p style=\"text-align: center;\">Adopter une approche d&rsquo;\u00e9quipe unique afin d&rsquo;accro\u00eetre la cr\u00e9ation de valeur pour les clients et leurs utilisateurs.<\/p>\n<p style=\"text-align: center;\">Nous devenons plus rapides, plus forts et plus confiants en tant qu&rsquo;innovateurs RH-Tech gr\u00e2ce \u00e0 une communication claire, des m\u00e9thodes de collaboration agiles \u00e9prouv\u00e9es, des outils et des donn\u00e9es partag\u00e9s. Ils nous permettent de fusionner avec fluidit\u00e9 les talents externes, les partenaires de service et les clients au sein d&rsquo;un m\u00eame \u00e9cosyst\u00e8me.<\/p>\n<p style=\"text-align: center;\">En partageant notre expertise, nos conseils strat\u00e9giques et pratiques, nous am\u00e9liorons notre travail et notre vie. Ensemble est le mot cl\u00e9 pour obtenir de bons r\u00e9sultats, guid\u00e9s par le sens pratique et \u00e9conomique, tout en \u00e9vitant les risques.<\/p>\n<\/div><\/div><\/div><\/div><\/div><\/p>\n","protected":false},"excerpt":{"rendered":"","protected":false},"author":3,"featured_media":0,"parent":0,"menu_order":0,"comment_status":"closed","ping_status":"closed","template":"100-width.php","meta":{"content-type":"","_monsterinsights_skip_tracking":false,"_monsterinsights_sitenote_active":false,"_monsterinsights_sitenote_note":"","_monsterinsights_sitenote_category":0,"footnotes":""},"class_list":["post-12786","page","type-page","status-publish","hentry"],"aioseo_notices":[],"featured_image_src":null,"featured_image_src_square":null,"_links":{"self":[{"href":"https:\/\/www.pro-unity.com\/fr\/wp-json\/wp\/v2\/pages\/12786","targetHints":{"allow":["GET"]}}],"collection":[{"href":"https:\/\/www.pro-unity.com\/fr\/wp-json\/wp\/v2\/pages"}],"about":[{"href":"https:\/\/www.pro-unity.com\/fr\/wp-json\/wp\/v2\/types\/page"}],"author":[{"embeddable":true,"href":"https:\/\/www.pro-unity.com\/fr\/wp-json\/wp\/v2\/users\/3"}],"replies":[{"embeddable":true,"href":"https:\/\/www.pro-unity.com\/fr\/wp-json\/wp\/v2\/comments?post=12786"}],"version-history":[{"count":0,"href":"https:\/\/www.pro-unity.com\/fr\/wp-json\/wp\/v2\/pages\/12786\/revisions"}],"wp:attachment":[{"href":"https:\/\/www.pro-unity.com\/fr\/wp-json\/wp\/v2\/media?parent=12786"}],"curies":[{"name":"wp","href":"https:\/\/api.w.org\/{rel}","templated":true}]}}