{"id":13070,"date":"2025-06-04T10:21:45","date_gmt":"2025-06-04T10:21:45","guid":{"rendered":"https:\/\/www.pro-unity.com\/temoignages\/"},"modified":"2026-01-19T13:16:49","modified_gmt":"2026-01-19T13:16:49","slug":"temoignages","status":"publish","type":"page","link":"https:\/\/www.pro-unity.com\/fr\/temoignages\/","title":{"rendered":"T\u00e9moignages"},"content":{"rendered":"<p><div class=\"fusion-fullwidth fullwidth-box fusion-builder-row-1 fusion-flex-container video-background nonhundred-percent-fullwidth non-hundred-percent-height-scrolling\" style=\"--awb-border-radius-top-left:0px;--awb-border-radius-top-right:0px;--awb-border-radius-bottom-right:0px;--awb-border-radius-bottom-left:0px;--awb-padding-top:100px;--awb-padding-bottom:100px;--awb-padding-top-medium:48px;--awb-padding-bottom-medium:48px;--awb-margin-top:0px;--awb-margin-bottom:0px;--awb-background-color:#000000;--awb-flex-wrap:wrap;\" ><div class=\"fullwidth-video\"><video preload=\"auto\" autoplay playsinline loop muted><source src=\"https:\/\/www.pro-unity.com\/wp-content\/uploads\/2025\/06\/1536322-hd_1920_1080_30fps.mp4\" type=\"video\/mp4\"><\/video><\/div><div class=\"fusion-builder-row fusion-row fusion-flex-align-items-center fusion-flex-align-content-flex-end fusion-flex-justify-content-center fusion-flex-content-wrap\" style=\"max-width:1248px;margin-left: calc(-4% \/ 2 );margin-right: calc(-4% \/ 2 );\"><div class=\"fusion-layout-column fusion_builder_column fusion-builder-column-0 fusion_builder_column_1_1 1_1 fusion-flex-column fusion-flex-align-self-flex-end\" style=\"--awb-padding-top:20px;--awb-bg-color:rgba(128,14,95,0);--awb-bg-color-hover:rgba(128,14,95,0);--awb-bg-size:cover;--awb-width-large:100%;--awb-margin-top-large:90px;--awb-spacing-right-large:1.92%;--awb-margin-bottom-large:90px;--awb-spacing-left-large:1.92%;--awb-width-medium:100%;--awb-order-medium:0;--awb-spacing-right-medium:1.92%;--awb-spacing-left-medium:1.92%;--awb-width-small:100%;--awb-order-small:0;--awb-spacing-right-small:1.92%;--awb-spacing-left-small:1.92%;\"><div class=\"fusion-column-wrapper fusion-column-has-shadow fusion-flex-justify-content-flex-start fusion-content-layout-column\"><div class=\"fusion-text fusion-text-1 fusion-animated\" style=\"--awb-margin-top:50px;\" data-animationType=\"fadeIn\" data-animationDuration=\"1.2\" data-animationOffset=\"top-into-view\"><p style=\"text-align: center; --fontsize: 72; line-height: 1.2;\"><span style=\"color: #ffffff;\"><span style=\"letter-spacing: -0.1px;\"><b><span style=\"font-size: 110px;\">Nos t\u00e9moignages.<br \/><\/span><\/b><\/span><\/span><b style=\"letter-spacing: -0.1px; color: #ffffff; font-family: var(--awb-text-font-family); font-style: var(--awb-text-font-style); text-transform: var(--awb-text-transform); background-color: var(--awb-bg-color); font-size: 40px;\" data-fusion-font=\"true\">Parce que derri\u00e8re chaque collaboration, il y a une histoire qui m\u00e9rite d&rsquo;\u00eatre partag\u00e9e.<\/b><\/p>\n<\/div><\/div><\/div><\/div><\/div><div class=\"fusion-fullwidth fullwidth-box fusion-builder-row-2 fusion-flex-container has-pattern-background has-mask-background nonhundred-percent-fullwidth non-hundred-percent-height-scrolling fusion-no-small-visibility\" style=\"--awb-border-radius-top-left:0px;--awb-border-radius-top-right:0px;--awb-border-radius-bottom-right:0px;--awb-border-radius-bottom-left:0px;--awb-padding-top:90px;--awb-padding-bottom:88px;--awb-margin-top:0px;--awb-margin-bottom:0px;--awb-background-color:var(--awb-color6);--awb-flex-wrap:wrap;\" ><div class=\"fusion-builder-row fusion-row fusion-flex-align-items-flex-start fusion-flex-justify-content-center fusion-flex-content-wrap\" style=\"max-width:calc( 1200px + 0px );margin-left: calc(-0px \/ 2 );margin-right: calc(-0px \/ 2 );\"><div class=\"fusion-layout-column fusion_builder_column fusion-builder-column-1 fusion_builder_column_1_3 1_3 fusion-flex-column\" style=\"--awb-bg-size:cover;--awb-width-large:33.3333333333%;--awb-margin-top-large:0px;--awb-spacing-right-large:0px;--awb-margin-bottom-large:20px;--awb-spacing-left-large:0px;--awb-width-medium:33.3333333333%;--awb-order-medium:0;--awb-spacing-right-medium:0px;--awb-spacing-left-medium:0px;--awb-width-small:100%;--awb-order-small:0;--awb-spacing-right-small:0px;--awb-spacing-left-small:0px;\"><div class=\"fusion-column-wrapper fusion-column-has-shadow fusion-flex-justify-content-flex-start fusion-content-layout-column\"><div class=\"fusion-image-element \" style=\"--awb-caption-title-font-family:var(--h2_typography-font-family);--awb-caption-title-font-weight:var(--h2_typography-font-weight);--awb-caption-title-font-style:var(--h2_typography-font-style);--awb-caption-title-size:var(--h2_typography-font-size);--awb-caption-title-transform:var(--h2_typography-text-transform);--awb-caption-title-line-height:var(--h2_typography-line-height);--awb-caption-title-letter-spacing:var(--h2_typography-letter-spacing);--awb-filter:contrast(100%);--awb-filter-transition:filter 0.3s ease;--awb-filter-hover:contrast(150%);\"><span class=\" fusion-imageframe imageframe-none imageframe-1 hover-type-zoomin fusion-animated\" data-animationType=\"fadeInDown\" data-animationDuration=\"1.2\" data-animationOffset=\"top-into-view\"><a class=\"fusion-no-lightbox\" href=\"https:\/\/www.pro-unity.com\/fr\/temoignages-credendo\/\" target=\"_self\" aria-label=\"Credendo\"><img decoding=\"async\" width=\"1000\" height=\"1000\" src=\"https:\/\/www.pro-unity.com\/wp-content\/uploads\/2025\/06\/Credendo.svg\" alt class=\"img-responsive wp-image-12124 disable-lazyload\"fetchpriority=\"high\" \/><\/a><\/span><\/div><div class=\"fusion-text fusion-text-2\" style=\"--awb-margin-right:25px;--awb-margin-left:25px;\"><p style=\"font-family: Rubik; font-weight: 400;\" data-fusion-font=\"true\" data-fusion-google-font=\"Rubik\" data-fusion-google-variant=\"400\">Credendo est un groupe europ\u00e9en d&rsquo;assurance-cr\u00e9dit dont le si\u00e8ge est \u00e0 Bruxelles et qui op\u00e8re dans 15 pays.<\/p>\n<p style=\"font-family: Rubik; font-weight: 400;\" data-fusion-font=\"true\" data-fusion-google-font=\"Rubik\" data-fusion-google-variant=\"400\">Credendo propose des solutions sur mesure en mati\u00e8re d&rsquo;assurance-cr\u00e9dit, de financement, de garanties et de couverture des risques politiques, afin d&rsquo;aider les entreprises \u00e0 s\u00e9curiser leur commerce national et international.<\/p>\n<\/div><\/div><\/div><div class=\"fusion-layout-column fusion_builder_column fusion-builder-column-2 fusion_builder_column_1_3 1_3 fusion-flex-column\" style=\"--awb-bg-size:cover;--awb-width-large:33.3333333333%;--awb-margin-top-large:0px;--awb-spacing-right-large:0px;--awb-margin-bottom-large:20px;--awb-spacing-left-large:0px;--awb-width-medium:33.3333333333%;--awb-order-medium:0;--awb-spacing-right-medium:0px;--awb-spacing-left-medium:0px;--awb-width-small:100%;--awb-order-small:0;--awb-spacing-right-small:0px;--awb-spacing-left-small:0px;\"><div class=\"fusion-column-wrapper fusion-column-has-shadow fusion-flex-justify-content-flex-start fusion-content-layout-column\"><div class=\"fusion-image-element \" style=\"--awb-caption-title-font-family:var(--h2_typography-font-family);--awb-caption-title-font-weight:var(--h2_typography-font-weight);--awb-caption-title-font-style:var(--h2_typography-font-style);--awb-caption-title-size:var(--h2_typography-font-size);--awb-caption-title-transform:var(--h2_typography-text-transform);--awb-caption-title-line-height:var(--h2_typography-line-height);--awb-caption-title-letter-spacing:var(--h2_typography-letter-spacing);--awb-filter:contrast(100%);--awb-filter-transition:filter 0.3s ease;--awb-filter-hover:contrast(150%);\"><span class=\" fusion-imageframe imageframe-none imageframe-2 hover-type-zoomin\"><a class=\"fusion-no-lightbox\" href=\"https:\/\/www.pro-unity.com\/fr\/temoignages-fednot\/\" target=\"_self\" aria-label=\"Fednot\"><img decoding=\"async\" width=\"1000\" height=\"1000\" src=\"https:\/\/www.pro-unity.com\/wp-content\/uploads\/2025\/06\/Fednot.svg\" alt class=\"img-responsive wp-image-12127 disable-lazyload\"fetchpriority=\"high\" \/><\/a><\/span><\/div><div class=\"fusion-text fusion-text-3\" style=\"--awb-margin-right:25px;--awb-margin-left:25px;\"><p style=\"font-family: Rubik; font-weight: 400;\" data-fusion-font=\"true\" data-fusion-google-font=\"Rubik\" data-fusion-google-variant=\"400\">Fednot est la f\u00e9d\u00e9ration professionnelle qui soutient les offices notariaux en Belgique. Elle offre des services de conseil juridique, de gestion de bureau, de solutions informatiques, de formation et d&rsquo;information du public. <\/p>\n<p style=\"font-family: Rubik; font-weight: 400;\" data-fusion-font=\"true\" data-fusion-google-font=\"Rubik\" data-fusion-google-variant=\"400\">Fednot joue un r\u00f4le cl\u00e9 dans la modernisation de la profession notariale et dans l&rsquo;assistance aux notaires dans leur travail quotidien.<\/p>\n<\/div><\/div><\/div><div class=\"fusion-layout-column fusion_builder_column fusion-builder-column-3 fusion_builder_column_1_3 1_3 fusion-flex-column\" style=\"--awb-bg-size:cover;--awb-width-large:33.3333333333%;--awb-margin-top-large:0px;--awb-spacing-right-large:0px;--awb-margin-bottom-large:20px;--awb-spacing-left-large:0px;--awb-width-medium:33.3333333333%;--awb-order-medium:0;--awb-spacing-right-medium:0px;--awb-spacing-left-medium:0px;--awb-width-small:100%;--awb-order-small:0;--awb-spacing-right-small:0px;--awb-spacing-left-small:0px;\"><div class=\"fusion-column-wrapper fusion-column-has-shadow fusion-flex-justify-content-flex-start fusion-content-layout-column\"><div class=\"fusion-image-element \" style=\"--awb-caption-title-font-family:var(--h2_typography-font-family);--awb-caption-title-font-weight:var(--h2_typography-font-weight);--awb-caption-title-font-style:var(--h2_typography-font-style);--awb-caption-title-size:var(--h2_typography-font-size);--awb-caption-title-transform:var(--h2_typography-text-transform);--awb-caption-title-line-height:var(--h2_typography-line-height);--awb-caption-title-letter-spacing:var(--h2_typography-letter-spacing);--awb-filter:contrast(100%);--awb-filter-transition:filter 0.3s ease;--awb-filter-hover:contrast(150%);\"><span class=\" fusion-imageframe imageframe-none imageframe-3 hover-type-zoomin\"><a class=\"fusion-no-lightbox\" href=\"https:\/\/www.pro-unity.com\/fr\/temoignages-rossel\/\" target=\"_self\" aria-label=\"Rossel\"><img decoding=\"async\" src=\"https:\/\/www.pro-unity.com\/wp-content\/uploads\/2025\/06\/Rossel.svg\" alt class=\"img-responsive wp-image-12130 disable-lazyload\"fetchpriority=\"high\" \/><\/a><\/span><\/div><div class=\"fusion-text fusion-text-4\" style=\"--awb-margin-right:25px;--awb-margin-left:25px;\"><p style=\"font-family: Rubik; font-weight: 400;\" data-fusion-font=\"true\" data-fusion-google-font=\"Rubik\" data-fusion-google-variant=\"400\">Rossel est le premier groupe de presse et de m\u00e9dias francophone en Belgique, \u00e9galement pr\u00e9sent en France et au Luxembourg.<\/p>\n<p style=\"font-family: Rubik; font-weight: 400;\" data-fusion-font=\"true\" data-fusion-google-font=\"Rubik\" data-fusion-google-variant=\"400\">Rossel publie des titres embl\u00e9matiques tels que Le Soir, La Meuse et L&rsquo;\u00c9cho, et est actif dans la presse \u00e9crite, la radio, la t\u00e9l\u00e9vision et les plateformes num\u00e9riques. Le groupe touche chaque jour des millions de lecteurs, d&rsquo;auditeurs et d&rsquo;utilisateurs. <\/p>\n<\/div><\/div><\/div><div class=\"fusion-layout-column fusion_builder_column fusion-builder-column-4 fusion_builder_column_1_3 1_3 fusion-flex-column\" style=\"--awb-bg-size:cover;--awb-width-large:33.3333333333%;--awb-margin-top-large:0px;--awb-spacing-right-large:0px;--awb-margin-bottom-large:20px;--awb-spacing-left-large:0px;--awb-width-medium:33.3333333333%;--awb-order-medium:0;--awb-spacing-right-medium:0px;--awb-spacing-left-medium:0px;--awb-width-small:100%;--awb-order-small:0;--awb-spacing-right-small:0px;--awb-spacing-left-small:0px;\"><div class=\"fusion-column-wrapper fusion-column-has-shadow fusion-flex-justify-content-flex-start fusion-content-layout-column\"><div class=\"fusion-image-element \" style=\"--awb-caption-title-font-family:var(--h2_typography-font-family);--awb-caption-title-font-weight:var(--h2_typography-font-weight);--awb-caption-title-font-style:var(--h2_typography-font-style);--awb-caption-title-size:var(--h2_typography-font-size);--awb-caption-title-transform:var(--h2_typography-text-transform);--awb-caption-title-line-height:var(--h2_typography-line-height);--awb-caption-title-letter-spacing:var(--h2_typography-letter-spacing);--awb-filter:contrast(100%);--awb-filter-transition:filter 0.3s ease;--awb-filter-hover:contrast(150%);\"><span class=\" fusion-imageframe imageframe-none imageframe-4 hover-type-zoomin\"><a class=\"fusion-no-lightbox\" href=\"https:\/\/www.pro-unity.com\/fr\/temoignages-securex\/\" target=\"_self\" aria-label=\"Securex\"><img decoding=\"async\" width=\"1000\" height=\"1000\" src=\"https:\/\/www.pro-unity.com\/wp-content\/uploads\/2025\/06\/Securex.svg\" alt class=\"img-responsive wp-image-12133 disable-lazyload\"fetchpriority=\"high\" \/><\/a><\/span><\/div><div class=\"fusion-text fusion-text-5\" style=\"--awb-margin-right:25px;--awb-margin-left:25px;\"><p style=\"font-family: Rubik; font-weight: 400;\" data-fusion-font=\"true\" data-fusion-google-font=\"Rubik\" data-fusion-google-variant=\"400\">Securex est un partenaire RH complet qui aide les ind\u00e9pendants, les PME et les grandes entreprises \u00e0 g\u00e9rer leurs ressources humaines.<\/p>\n<p style=\"font-family: Rubik; font-weight: 400;\" data-fusion-font=\"true\" data-fusion-google-font=\"Rubik\" data-fusion-google-variant=\"400\">Pr\u00e9sent en Belgique et \u00e0 l&rsquo;international, Securex propose des solutions int\u00e9gr\u00e9es et des outils num\u00e9riques pour aider les entreprises \u00e0 se d\u00e9velopper.<\/p>\n<\/div><\/div><\/div><\/div><\/div><div class=\"fusion-fullwidth fullwidth-box fusion-builder-row-3 fusion-flex-container has-pattern-background has-mask-background nonhundred-percent-fullwidth non-hundred-percent-height-scrolling fusion-no-medium-visibility fusion-no-large-visibility\" style=\"--awb-border-radius-top-left:0px;--awb-border-radius-top-right:0px;--awb-border-radius-bottom-right:0px;--awb-border-radius-bottom-left:0px;--awb-padding-top:90px;--awb-padding-bottom:88px;--awb-padding-right-small:40px;--awb-padding-left-small:40px;--awb-margin-top:0px;--awb-margin-bottom:0px;--awb-background-color:var(--awb-color6);--awb-flex-wrap:wrap;\" ><div class=\"fusion-builder-row fusion-row fusion-flex-align-items-flex-start fusion-flex-justify-content-center fusion-flex-content-wrap\" style=\"max-width:calc( 1200px + 0px );margin-left: calc(-0px \/ 2 );margin-right: calc(-0px \/ 2 );\"><div class=\"fusion-layout-column fusion_builder_column fusion-builder-column-5 fusion_builder_column_1_3 1_3 fusion-flex-column fusion-flex-align-self-stretch\" style=\"--awb-bg-size:cover;--awb-width-large:33.3333333333%;--awb-margin-top-large:0px;--awb-spacing-right-large:0px;--awb-margin-bottom-large:20px;--awb-spacing-left-large:0px;--awb-width-medium:33.3333333333%;--awb-order-medium:0;--awb-spacing-right-medium:0px;--awb-spacing-left-medium:0px;--awb-width-small:100%;--awb-order-small:0;--awb-spacing-right-small:0px;--awb-spacing-left-small:0px;\"><div class=\"fusion-column-wrapper fusion-column-has-shadow fusion-flex-justify-content-center fusion-content-layout-row\"><div class=\"fusion-image-element \" style=\"--awb-caption-title-font-family:var(--h2_typography-font-family);--awb-caption-title-font-weight:var(--h2_typography-font-weight);--awb-caption-title-font-style:var(--h2_typography-font-style);--awb-caption-title-size:var(--h2_typography-font-size);--awb-caption-title-transform:var(--h2_typography-text-transform);--awb-caption-title-line-height:var(--h2_typography-line-height);--awb-caption-title-letter-spacing:var(--h2_typography-letter-spacing);\"><span class=\" fusion-imageframe imageframe-none imageframe-5 hover-type-none fusion-animated\" data-animationType=\"fadeInDown\" data-animationDuration=\"1.2\" data-animationOffset=\"top-into-view\"><a class=\"fusion-no-lightbox\" href=\"https:\/\/pusite202204.pro-unity.com\/smalls\/\" target=\"_self\" aria-label=\"Plan de travail 1 copie 11\"><img decoding=\"async\" width=\"533\" height=\"474\" src=\"https:\/\/www.pro-unity.com\/wp-content\/uploads\/2023\/05\/Plan-de-travail-1-copie-11.png\" alt class=\"img-responsive wp-image-9196\" srcset=\"https:\/\/www.pro-unity.com\/wp-content\/uploads\/2023\/05\/Plan-de-travail-1-copie-11-200x178.png 200w, https:\/\/www.pro-unity.com\/wp-content\/uploads\/2023\/05\/Plan-de-travail-1-copie-11-400x356.png 400w, https:\/\/www.pro-unity.com\/wp-content\/uploads\/2023\/05\/Plan-de-travail-1-copie-11.png 533w\" sizes=\"(max-width: 640px) 100vw, 533px\" \/><\/a><\/span><\/div><\/div><\/div><div class=\"fusion-layout-column fusion_builder_column fusion-builder-column-6 fusion_builder_column_1_3 1_3 fusion-flex-column fusion-flex-align-self-stretch\" style=\"--awb-bg-size:cover;--awb-width-large:33.3333333333%;--awb-margin-top-large:0px;--awb-spacing-right-large:0px;--awb-margin-bottom-large:20px;--awb-spacing-left-large:0px;--awb-width-medium:33.3333333333%;--awb-order-medium:0;--awb-spacing-right-medium:0px;--awb-spacing-left-medium:0px;--awb-width-small:100%;--awb-order-small:0;--awb-spacing-right-small:0px;--awb-spacing-left-small:0px;\"><div class=\"fusion-column-wrapper fusion-column-has-shadow fusion-flex-justify-content-center fusion-content-layout-row\"><div class=\"fusion-image-element \" style=\"--awb-caption-title-font-family:var(--h2_typography-font-family);--awb-caption-title-font-weight:var(--h2_typography-font-weight);--awb-caption-title-font-style:var(--h2_typography-font-style);--awb-caption-title-size:var(--h2_typography-font-size);--awb-caption-title-transform:var(--h2_typography-text-transform);--awb-caption-title-line-height:var(--h2_typography-line-height);--awb-caption-title-letter-spacing:var(--h2_typography-letter-spacing);\"><span class=\" fusion-imageframe imageframe-none imageframe-6 hover-type-none fusion-animated\" data-animationType=\"fadeInDown\" data-animationDuration=\"1.2\" data-animationOffset=\"top-into-view\"><a class=\"fusion-no-lightbox\" href=\"https:\/\/pusite202204.pro-unity.com\/smalls\/\" target=\"_self\" aria-label=\"Plan de travail 1 copie 11\"><img decoding=\"async\" width=\"533\" height=\"474\" src=\"https:\/\/www.pro-unity.com\/wp-content\/uploads\/2023\/05\/Plan-de-travail-1-copie-11.png\" alt class=\"img-responsive wp-image-9196\" srcset=\"https:\/\/www.pro-unity.com\/wp-content\/uploads\/2023\/05\/Plan-de-travail-1-copie-11-200x178.png 200w, https:\/\/www.pro-unity.com\/wp-content\/uploads\/2023\/05\/Plan-de-travail-1-copie-11-400x356.png 400w, https:\/\/www.pro-unity.com\/wp-content\/uploads\/2023\/05\/Plan-de-travail-1-copie-11.png 533w\" sizes=\"(max-width: 640px) 100vw, 533px\" \/><\/a><\/span><\/div><\/div><\/div><div class=\"fusion-layout-column fusion_builder_column fusion-builder-column-7 fusion_builder_column_1_3 1_3 fusion-flex-column fusion-flex-align-self-stretch\" style=\"--awb-bg-size:cover;--awb-width-large:33.3333333333%;--awb-margin-top-large:0px;--awb-spacing-right-large:0px;--awb-margin-bottom-large:20px;--awb-spacing-left-large:0px;--awb-width-medium:33.3333333333%;--awb-order-medium:0;--awb-spacing-right-medium:0px;--awb-spacing-left-medium:0px;--awb-width-small:100%;--awb-order-small:0;--awb-spacing-right-small:0px;--awb-spacing-left-small:0px;\"><div class=\"fusion-column-wrapper fusion-column-has-shadow fusion-flex-justify-content-center fusion-content-layout-row\"><div class=\"fusion-image-element \" style=\"--awb-caption-title-font-family:var(--h2_typography-font-family);--awb-caption-title-font-weight:var(--h2_typography-font-weight);--awb-caption-title-font-style:var(--h2_typography-font-style);--awb-caption-title-size:var(--h2_typography-font-size);--awb-caption-title-transform:var(--h2_typography-text-transform);--awb-caption-title-line-height:var(--h2_typography-line-height);--awb-caption-title-letter-spacing:var(--h2_typography-letter-spacing);\"><span class=\" fusion-imageframe imageframe-none imageframe-7 hover-type-none fusion-animated\" data-animationType=\"fadeInDown\" data-animationDuration=\"1.2\" data-animationOffset=\"top-into-view\"><a class=\"fusion-no-lightbox\" href=\"https:\/\/pusite202204.pro-unity.com\/smalls\/\" target=\"_self\" aria-label=\"Plan de travail 1 copie 11\"><img decoding=\"async\" width=\"533\" height=\"474\" src=\"https:\/\/www.pro-unity.com\/wp-content\/uploads\/2023\/05\/Plan-de-travail-1-copie-11.png\" alt class=\"img-responsive wp-image-9196\" srcset=\"https:\/\/www.pro-unity.com\/wp-content\/uploads\/2023\/05\/Plan-de-travail-1-copie-11-200x178.png 200w, https:\/\/www.pro-unity.com\/wp-content\/uploads\/2023\/05\/Plan-de-travail-1-copie-11-400x356.png 400w, https:\/\/www.pro-unity.com\/wp-content\/uploads\/2023\/05\/Plan-de-travail-1-copie-11.png 533w\" sizes=\"(max-width: 640px) 100vw, 533px\" \/><\/a><\/span><\/div><\/div><\/div><\/div><\/div><\/p>\n","protected":false},"excerpt":{"rendered":"","protected":false},"author":3,"featured_media":0,"parent":0,"menu_order":0,"comment_status":"closed","ping_status":"closed","template":"100-width.php","meta":{"content-type":"","_monsterinsights_skip_tracking":false,"_monsterinsights_sitenote_active":false,"_monsterinsights_sitenote_note":"","_monsterinsights_sitenote_category":0,"footnotes":""},"class_list":["post-13070","page","type-page","status-publish","hentry"],"aioseo_notices":[],"featured_image_src":null,"featured_image_src_square":null,"_links":{"self":[{"href":"https:\/\/www.pro-unity.com\/fr\/wp-json\/wp\/v2\/pages\/13070","targetHints":{"allow":["GET"]}}],"collection":[{"href":"https:\/\/www.pro-unity.com\/fr\/wp-json\/wp\/v2\/pages"}],"about":[{"href":"https:\/\/www.pro-unity.com\/fr\/wp-json\/wp\/v2\/types\/page"}],"author":[{"embeddable":true,"href":"https:\/\/www.pro-unity.com\/fr\/wp-json\/wp\/v2\/users\/3"}],"replies":[{"embeddable":true,"href":"https:\/\/www.pro-unity.com\/fr\/wp-json\/wp\/v2\/comments?post=13070"}],"version-history":[{"count":0,"href":"https:\/\/www.pro-unity.com\/fr\/wp-json\/wp\/v2\/pages\/13070\/revisions"}],"wp:attachment":[{"href":"https:\/\/www.pro-unity.com\/fr\/wp-json\/wp\/v2\/media?parent=13070"}],"curies":[{"name":"wp","href":"https:\/\/api.w.org\/{rel}","templated":true}]}}