{"id":9809,"date":"2023-05-11T13:37:21","date_gmt":"2023-05-11T13:37:21","guid":{"rendered":"https:\/\/www.pro-unity.com\/qui-etes-vous\/"},"modified":"2025-12-15T15:04:42","modified_gmt":"2025-12-15T15:04:42","slug":"qui-etes-vous","status":"publish","type":"page","link":"https:\/\/www.pro-unity.com\/fr\/qui-etes-vous\/","title":{"rendered":"Qui \u00eates-vous ?"},"content":{"rendered":"<p><div class=\"fusion-fullwidth fullwidth-box fusion-builder-row-1 fusion-flex-container has-pattern-background nonhundred-percent-fullwidth non-hundred-percent-height-scrolling fusion-no-small-visibility fusion-animated\" style=\"--awb-background-position:center top;--awb-border-radius-top-left:0px;--awb-border-radius-top-right:0px;--awb-border-radius-bottom-right:0px;--awb-border-radius-bottom-left:0px;--awb-padding-top:100px;--awb-padding-bottom:0px;--awb-padding-top-medium:48px;--awb-padding-bottom-medium:48px;--awb-margin-top:0px;--awb-margin-bottom:0px;--awb-background-color:var(--awb-color6);--awb-flex-wrap:wrap;\" data-animationType=\"fadeIn\" data-animationDuration=\"1.2\" data-animationOffset=\"top-into-view\" ><div class=\"fusion-builder-row fusion-row fusion-flex-align-items-center fusion-flex-align-content-flex-end fusion-flex-justify-content-center fusion-flex-content-wrap\" style=\"max-width:1248px;margin-left: calc(-4% \/ 2 );margin-right: calc(-4% \/ 2 );\"><div class=\"fusion-layout-column fusion_builder_column fusion-builder-column-0 fusion_builder_column_1_1 1_1 fusion-flex-column\" style=\"--awb-bg-size:cover;--awb-width-large:100%;--awb-margin-top-large:0px;--awb-spacing-right-large:1.92%;--awb-margin-bottom-large:0px;--awb-spacing-left-large:1.92%;--awb-width-medium:100%;--awb-order-medium:0;--awb-spacing-right-medium:1.92%;--awb-spacing-left-medium:1.92%;--awb-width-small:100%;--awb-order-small:0;--awb-spacing-right-small:1.92%;--awb-spacing-left-small:1.92%;\"><div class=\"fusion-column-wrapper fusion-column-has-shadow fusion-flex-justify-content-flex-start fusion-content-layout-column\"><div class=\"fusion-separator fusion-full-width-sep\" style=\"align-self: center;margin-left: auto;margin-right: auto;margin-top:40px;margin-bottom:40px;width:100%;\"><\/div><\/div><\/div><\/div><\/div><div class=\"fusion-fullwidth fullwidth-box fusion-builder-row-2 fusion-flex-container nonhundred-percent-fullwidth non-hundred-percent-height-scrolling fusion-no-small-visibility fusion-no-medium-visibility\" style=\"--awb-background-blend-mode:overlay;--awb-border-radius-top-left:0px;--awb-border-radius-top-right:0px;--awb-border-radius-bottom-right:0px;--awb-border-radius-bottom-left:0px;--awb-padding-top:40px;--awb-padding-right:147px;--awb-padding-bottom:4%;--awb-padding-left:220px;--awb-padding-top-medium:30px;--awb-padding-bottom-medium:60px;--awb-margin-top:;--awb-margin-bottom:0px;--awb-background-color:var(--awb-color6);--awb-flex-wrap:wrap;\" ><div class=\"fusion-builder-row fusion-row fusion-flex-align-items-center fusion-flex-align-content-center fusion-flex-content-wrap\" style=\"max-width:1248px;margin-left: calc(-4% \/ 2 );margin-right: calc(-4% \/ 2 );\"><div class=\"fusion-layout-column fusion_builder_column fusion-builder-column-1 fusion-flex-column fusion-flex-align-self-flex-start\" style=\"--awb-bg-size:cover;--awb-width-large:40.58%;--awb-margin-top-large:50px;--awb-spacing-right-large:0%;--awb-margin-bottom-large:40px;--awb-spacing-left-large:0%;--awb-width-medium:40.58%;--awb-order-medium:0;--awb-spacing-right-medium:0%;--awb-spacing-left-medium:0%;--awb-width-small:100%;--awb-order-small:0;--awb-spacing-right-small:1.92%;--awb-spacing-left-small:1.92%;\"><div class=\"fusion-column-wrapper fusion-column-has-shadow fusion-flex-justify-content-flex-start fusion-content-layout-column\"><div class=\"fusion-text fusion-text-1 fusion-animated\" style=\"--awb-margin-top:-10px;--awb-margin-left:25px;\" data-animationType=\"fadeIn\" data-animationDuration=\"1.4\" data-animationOffset=\"top-into-view\"><p style=\"line-height: 0.85; --fontsize: 110;\"><span style=\"color: #8c2671;\"><span style=\"font-size: 80px;\"><b>Nice to <span style=\"font-family: Glyphter; color: var(--awb-custom_color_2); font-size: 54px;\" data-fusion-font=\"true\">P<\/span><\/b><\/span><\/span><\/p>\n<p style=\"line-height: 0.85; --fontsize: 110;\"><span style=\"color: #8c2671;\"><span style=\"font-size: 80px;\"><b>vous rencontrer !<\/b><\/span><\/span><\/p>\n<\/div><\/div><\/div><div class=\"fusion-layout-column fusion_builder_column fusion-builder-column-2 fusion-flex-column fusion-flex-align-self-flex-start\" style=\"--awb-padding-right:11px;--awb-bg-size:cover;--awb-width-large:49.71%;--awb-margin-top-large:50px;--awb-spacing-right-large:3.8624019312%;--awb-margin-bottom-large:40px;--awb-spacing-left-large:11.5872057936%;--awb-width-medium:49.71%;--awb-order-medium:0;--awb-spacing-right-medium:3.8624019312%;--awb-spacing-left-medium:11.5872057936%;--awb-width-small:100%;--awb-order-small:0;--awb-spacing-right-small:1.92%;--awb-spacing-left-small:1.92%;\"><div class=\"fusion-column-wrapper fusion-column-has-shadow fusion-flex-justify-content-flex-start fusion-content-layout-column\"><div class=\"fusion-text fusion-text-2 fusion-animated\" data-animationType=\"fadeInLeft\" data-animationDuration=\"1.2\" data-animationDelay=\"0.2\" data-animationOffset=\"top-into-view\"><p style=\"font-size: 22px;\" data-fusion-font=\"true\"><b>Bonjour, nous sommes ProUnity<\/b>, l&rsquo;entremetteur de talents avec une touche personnelle.<\/p>\n<p style=\"font-size: 22px;\" data-fusion-font=\"true\"><b>Alors, qui \u00eates-vous ?<\/b><br \/>Choisissez l&rsquo;option qui vous convient et voyons comment nous pouvons vous aider \u00e0 aller de l&rsquo;avant.<\/p>\n<p style=\"color: #143840; line-height: 1.1; --fontsize: 30;\">\n<\/div><\/div><\/div><div class=\"fusion-layout-column fusion_builder_column fusion-builder-column-3 fusion_builder_column_1_1 1_1 fusion-flex-column\" style=\"--awb-bg-size:cover;--awb-width-large:100%;--awb-margin-top-large:0px;--awb-spacing-right-large:1.92%;--awb-margin-bottom-large:20px;--awb-spacing-left-large:1.92%;--awb-width-medium:100%;--awb-order-medium:0;--awb-spacing-right-medium:1.92%;--awb-spacing-left-medium:1.92%;--awb-width-small:100%;--awb-order-small:0;--awb-spacing-right-small:1.92%;--awb-spacing-left-small:1.92%;\"><div class=\"fusion-column-wrapper fusion-column-has-shadow fusion-flex-justify-content-flex-start fusion-content-layout-block\"><div class=\"fusion-image-carousel fusion-image-carousel-auto fusion-image-carousel-1 fusion-no-small-visibility\"><div class=\"awb-carousel awb-swiper awb-swiper-carousel awb-carousel--carousel awb-swiper-dots-position-bottom\" data-layout=\"carousel\" data-autoplay=\"no\" data-autoplayspeed=\"2500\" data-autoplaypause=\"no\" data-columns=\"3\" data-columnsmedium=\"1\" data-columnssmall=\"1\" data-itemmargin=\"10\" data-itemwidth=\"180\" data-touchscroll=\"no\" data-freemode=\"no\" data-imagesize=\"auto\" data-scrollitems=\"3\" data-centeredslides=\"no\" data-rotationangle=\"50\" data-depth=\"100\" data-speed=\"500\" data-shadow=\"no\" data-pagination=\"bullets\" style=\"--awb-columns:3;--awb-column-spacing:10px;--awb-caption-title-color:var(--awb-color2);--awb-caption-title-size:22px;--awb-caption-title-transform:none;--awb-caption-title-line-height:var(--awb-typography1-line-height);--awb-caption-text-color:var(--awb-color2);--awb-caption-text-size:18px;--awb-caption-text-transform:var(--awb-typography2-text-transform);--awb-caption-text-line-height:var(--awb-typography2-line-height);--awb-caption-text-letter-spacing:var(--awb-typography2-letter-spacing);--awb-caption-border-color:var(--awb-color1);--awb-caption-overlay-color:rgba(20,56,64,0.62);--awb-caption-title-font-family:&quot;Satoshi - regular&quot;;--awb-caption-title-font-style:normal;--awb-caption-title-font-weight:400;--awb-caption-text-font-family:&quot;Satoshi - regular&quot;;--awb-caption-text-font-style:normal;--awb-caption-text-font-weight:400;\"><div class=\"swiper-wrapper awb-image-carousel-wrapper fusion-flex-align-items-center\"><div class=\"swiper-slide\"><div class=\"fusion-carousel-item-wrapper\"><div class=\"fusion-image-wrapper awb-imageframe-style awb-imageframe-style-navin\"><a href=\"https:\/\/www.pro-unity.com\/fr\/entreprises\/\" target=\"_self\"><img decoding=\"async\" width=\"2398\" height=\"1148\" src=\"https:\/\/www.pro-unity.com\/wp-content\/uploads\/2023\/06\/Getintouch-3.png\" class=\"attachment-full size-full\" alt=\"\" srcset=\"https:\/\/www.pro-unity.com\/wp-content\/uploads\/2023\/06\/Getintouch-3-200x96.png 200w, https:\/\/www.pro-unity.com\/wp-content\/uploads\/2023\/06\/Getintouch-3-400x191.png 400w, https:\/\/www.pro-unity.com\/wp-content\/uploads\/2023\/06\/Getintouch-3-600x287.png 600w, https:\/\/www.pro-unity.com\/wp-content\/uploads\/2023\/06\/Getintouch-3-800x383.png 800w, https:\/\/www.pro-unity.com\/wp-content\/uploads\/2023\/06\/Getintouch-3-1200x574.png 1200w, https:\/\/www.pro-unity.com\/wp-content\/uploads\/2023\/06\/Getintouch-3.png 2398w\" sizes=\"(min-width: 2200px) 100vw, (min-width: 784px) 393px, (min-width: 712px) 590px, (min-width: 640px) 712px, \" \/><div class=\"awb-imageframe-caption-container\"><div class=\"awb-imageframe-caption\"><h3 class=\"awb-imageframe-caption-title\">Je suis une entreprise qui recrute des talents externes.<\/h3><p class=\"awb-imageframe-caption-text\">En savoir plus<\/p><\/div><\/div><\/a><\/div><\/div><\/div><div class=\"swiper-slide\"><div class=\"fusion-carousel-item-wrapper\"><div class=\"fusion-image-wrapper awb-imageframe-style awb-imageframe-style-navin\"><a href=\"https:\/\/www.pro-unity.com\/fr\/fournisseurs\/\" target=\"_self\"><img decoding=\"async\" width=\"2398\" height=\"1148\" src=\"https:\/\/www.pro-unity.com\/wp-content\/uploads\/2023\/06\/Getintouch-2.png\" class=\"attachment-full size-full\" alt=\"\" srcset=\"https:\/\/www.pro-unity.com\/wp-content\/uploads\/2023\/06\/Getintouch-2-200x96.png 200w, https:\/\/www.pro-unity.com\/wp-content\/uploads\/2023\/06\/Getintouch-2-400x191.png 400w, https:\/\/www.pro-unity.com\/wp-content\/uploads\/2023\/06\/Getintouch-2-600x287.png 600w, https:\/\/www.pro-unity.com\/wp-content\/uploads\/2023\/06\/Getintouch-2-800x383.png 800w, https:\/\/www.pro-unity.com\/wp-content\/uploads\/2023\/06\/Getintouch-2-1200x574.png 1200w, https:\/\/www.pro-unity.com\/wp-content\/uploads\/2023\/06\/Getintouch-2.png 2398w\" sizes=\"(min-width: 2200px) 100vw, (min-width: 784px) 393px, (min-width: 712px) 590px, (min-width: 640px) 712px, \" \/><div class=\"awb-imageframe-caption-container\"><div class=\"awb-imageframe-caption\"><h3 class=\"awb-imageframe-caption-title\">Je suis un fournisseur - \u00e0 la recherche de missions.<\/h3><p class=\"awb-imageframe-caption-text\">En savoir plus<\/p><\/div><\/div><\/a><\/div><\/div><\/div><div class=\"swiper-slide\"><div class=\"fusion-carousel-item-wrapper\"><div class=\"fusion-image-wrapper awb-imageframe-style awb-imageframe-style-navin\"><a href=\"https:\/\/www.pro-unity.com\/fr\/independants\/\" target=\"_self\"><img decoding=\"async\" width=\"2398\" height=\"1148\" src=\"https:\/\/www.pro-unity.com\/wp-content\/uploads\/2023\/06\/Getintouch-1.png\" class=\"attachment-full size-full\" alt=\"\" srcset=\"https:\/\/www.pro-unity.com\/wp-content\/uploads\/2023\/06\/Getintouch-1-200x96.png 200w, https:\/\/www.pro-unity.com\/wp-content\/uploads\/2023\/06\/Getintouch-1-400x191.png 400w, https:\/\/www.pro-unity.com\/wp-content\/uploads\/2023\/06\/Getintouch-1-600x287.png 600w, https:\/\/www.pro-unity.com\/wp-content\/uploads\/2023\/06\/Getintouch-1-800x383.png 800w, https:\/\/www.pro-unity.com\/wp-content\/uploads\/2023\/06\/Getintouch-1-1200x574.png 1200w, https:\/\/www.pro-unity.com\/wp-content\/uploads\/2023\/06\/Getintouch-1.png 2398w\" sizes=\"(min-width: 2200px) 100vw, (min-width: 784px) 393px, (min-width: 712px) 590px, (min-width: 640px) 712px, \" \/><div class=\"awb-imageframe-caption-container\"><div class=\"awb-imageframe-caption\"><h3 class=\"awb-imageframe-caption-title\">Je suis un ind\u00e9pendant - \u00e0 la recherche d&#039;un emploi.<\/h3><p class=\"awb-imageframe-caption-text\">En savoir plus<\/p><\/div><\/div><\/a><\/div><\/div><\/div><\/div><\/div><\/div><div class=\"fusion-separator fusion-full-width-sep\" style=\"align-self: center;margin-left: auto;margin-right: auto;width:100%;\"><div class=\"fusion-separator-border sep-single sep-solid\" style=\"--awb-height:20px;--awb-amount:20px;--awb-sep-color:rgba(20,56,64,0.5);border-color:rgba(20,56,64,0.5);border-top-width:1px;\"><\/div><\/div><\/div><\/div><\/div><\/div><div class=\"fusion-fullwidth fullwidth-box fusion-builder-row-3 fusion-flex-container has-pattern-background has-mask-background nonhundred-percent-fullwidth non-hundred-percent-height-scrolling fusion-no-medium-visibility fusion-no-large-visibility\" style=\"--awb-border-radius-top-left:0px;--awb-border-radius-top-right:0px;--awb-border-radius-bottom-right:0px;--awb-border-radius-bottom-left:0px;--awb-padding-top:0px;--awb-padding-bottom:88px;--awb-padding-bottom-small:0px;--awb-margin-top:0px;--awb-margin-bottom:0px;--awb-background-color:var(--awb-color3);--awb-flex-wrap:wrap;\" ><div class=\"fusion-builder-row fusion-row fusion-flex-align-items-flex-start fusion-flex-justify-content-center fusion-flex-content-wrap\" style=\"max-width:calc( 1200px + 0px );margin-left: calc(-0px \/ 2 );margin-right: calc(-0px \/ 2 );\"><div class=\"fusion-layout-column fusion_builder_column fusion-builder-column-4 fusion_builder_column_1_1 1_1 fusion-flex-column fusion-flex-align-self-flex-end\" style=\"--awb-padding-bottom:51px;--awb-bg-color:var(--awb-color3);--awb-bg-color-hover:var(--awb-color3);--awb-bg-size:cover;--awb-width-large:100%;--awb-margin-top-large:;--awb-spacing-right-large:0px;--awb-margin-bottom-large:0px;--awb-spacing-left-large:0px;--awb-width-medium:100%;--awb-order-medium:0;--awb-spacing-right-medium:0px;--awb-spacing-left-medium:0px;--awb-width-small:100%;--awb-order-small:0;--awb-spacing-right-small:0px;--awb-spacing-left-small:0px;\"><div class=\"fusion-column-wrapper fusion-column-has-shadow fusion-flex-justify-content-flex-start fusion-content-layout-column\"><div class=\"fusion-text fusion-text-3 fusion-animated\" style=\"--awb-text-color:var(--awb-color6);--awb-margin-top:100px;\" data-animationType=\"fadeInUp\" data-animationDuration=\"1.2\" data-animationDelay=\"0.2\" data-animationOffset=\"top-into-view\"><p style=\"text-align: center;\"><span style=\"color: #ffffff;\"><span style=\"font-size: 135px;\"><b><span style=\"color: var(--awb-color3); line-height: 154px;\" data-fusion-font=\"true\"><span style=\"font-size: 90px; line-height: 90px;\" data-fusion-font=\"true\"><span style=\"font-size: 60px;\" data-fusion-font=\"true\"> <span style=\"color: var(--awb-color6); font-size: 67px;\" data-fusion-font=\"true\">Enchant\u00e9 de vous rencontrer<\/span><\/span><\/span><\/span><\/b><\/span><\/span><\/p>\n<\/div><\/div><\/div><\/div><\/div><div class=\"fusion-fullwidth fullwidth-box fusion-builder-row-4 fusion-flex-container has-pattern-background has-mask-background nonhundred-percent-fullwidth non-hundred-percent-height-scrolling fusion-no-medium-visibility fusion-no-large-visibility\" style=\"--awb-border-radius-top-left:0px;--awb-border-radius-top-right:0px;--awb-border-radius-bottom-right:0px;--awb-border-radius-bottom-left:0px;--awb-padding-top:0px;--awb-padding-bottom:88px;--awb-padding-top-small:90px;--awb-padding-right-small:80px;--awb-padding-left-small:80px;--awb-margin-top:0px;--awb-margin-bottom:0px;--awb-background-color:var(--awb-color6);--awb-flex-wrap:wrap;\" ><div class=\"fusion-builder-row fusion-row fusion-flex-align-items-flex-start fusion-flex-justify-content-center fusion-flex-content-wrap\" style=\"max-width:calc( 1200px + 0px );margin-left: calc(-0px \/ 2 );margin-right: calc(-0px \/ 2 );\"><div class=\"fusion-layout-column fusion_builder_column fusion-builder-column-5 fusion_builder_column_1_1 1_1 fusion-flex-column fusion-flex-align-self-flex-end\" style=\"--awb-padding-bottom:51px;--awb-bg-size:cover;--awb-width-large:100%;--awb-margin-top-large:;--awb-spacing-right-large:0px;--awb-margin-bottom-large:0px;--awb-spacing-left-large:0px;--awb-width-medium:100%;--awb-order-medium:0;--awb-spacing-right-medium:0px;--awb-spacing-left-medium:0px;--awb-width-small:100%;--awb-order-small:0;--awb-spacing-right-small:0px;--awb-spacing-left-small:0px;\"><div class=\"fusion-column-wrapper fusion-column-has-shadow fusion-flex-justify-content-flex-start fusion-content-layout-column\"><div class=\"fusion-text fusion-text-4 fusion-animated\" data-animationType=\"fadeInUp\" data-animationDuration=\"1.2\" data-animationDelay=\"0.2\" data-animationOffset=\"top-into-view\"><p><span style=\"font-size: 27px;\" data-fusion-font=\"true\"><span style=\"font-size: 27px;\" data-fusion-font=\"true\">Bonjour, nous<\/span><span style=\"font-size: 27px;\" data-fusion-font=\"true\">ous sommes ProUnity <span style=\"font-family: Glyphter; color: var(--awb-custom_color_3);\" data-fusion-font=\"true\">Y<\/span>, le sp\u00e9cialiste de l&rsquo;ad\u00e9quation des talents avec la touche personnelle. <\/span> <\/span><span style=\"font-size: 27px; color: var(--awb-text-color); font-family: var(--awb-text-font-family); font-style: var(--awb-text-font-style); letter-spacing: var(--awb-letter-spacing); text-align: var(--awb-content-alignment); text-transform: var(--awb-text-transform); background-color: var(--awb-bg-color);\" data-fusion-font=\"true\"><span style=\"font-size: 21px;\" data-fusion-font=\"true\">Nous sommes \u00e0 votre service pour vous d\u00e9charger, favoriser la coop\u00e9ration et accro\u00eetre les r\u00e9sultats. Tout le monde y gagne. <\/span><\/span><span style=\"color: var(--awb-text-color); font-family: var(--awb-text-font-family); font-style: var(--awb-text-font-style); letter-spacing: var(--awb-letter-spacing); text-align: var(--awb-content-alignment); text-transform: var(--awb-text-transform); background-color: var(--awb-bg-color); font-size: 27px;\" data-fusion-font=\"true\"><br \/><\/span><\/p>\n<p><span style=\"color: var(--awb-text-color); font-family: var(--awb-text-font-family); font-style: var(--awb-text-font-style); letter-spacing: var(--awb-letter-spacing); text-align: var(--awb-content-alignment); text-transform: var(--awb-text-transform); background-color: var(--awb-bg-color); font-size: 27px;\" data-fusion-font=\"true\">Alors, qui \u00eates-vous ?<\/span><span style=\"color: var(--awb-text-color); font-family: var(--awb-text-font-family); font-style: var(--awb-text-font-style); letter-spacing: var(--awb-letter-spacing); text-align: var(--awb-content-alignment); text-transform: var(--awb-text-transform); background-color: var(--awb-bg-color); font-size: 27px;\" data-fusion-font=\"true\"><span style=\"font-size: 21px;\" data-fusion-font=\"true\"><br \/>Choisissez l&rsquo;option qui vous convient et voyons comment nous pouvons vous aider \u00e0 aller de l&rsquo;avant<\/span><\/span><span style=\"color: var(--awb-text-color); font-family: var(--awb-text-font-family); font-style: var(--awb-text-font-style); letter-spacing: var(--awb-letter-spacing); text-align: var(--awb-content-alignment); text-transform: var(--awb-text-transform); background-color: var(--awb-bg-color); font-size: 21px;\" data-fusion-font=\"true\">.<\/span><\/p>\n<\/div><\/div><\/div><div class=\"fusion-layout-column fusion_builder_column fusion-builder-column-6 fusion_builder_column_1_3 1_3 fusion-flex-column\" style=\"--awb-bg-size:cover;--awb-width-large:33.3333333333%;--awb-margin-top-large:0px;--awb-spacing-right-large:0px;--awb-margin-bottom-large:20px;--awb-spacing-left-large:0px;--awb-width-medium:33.3333333333%;--awb-order-medium:0;--awb-spacing-right-medium:0px;--awb-spacing-left-medium:0px;--awb-width-small:100%;--awb-order-small:0;--awb-spacing-right-small:0px;--awb-spacing-left-small:0px;\"><div class=\"fusion-column-wrapper fusion-column-has-shadow fusion-flex-justify-content-flex-start fusion-content-layout-column\"><div class=\"fusion-image-element \" style=\"--awb-caption-title-font-family:var(--h2_typography-font-family);--awb-caption-title-font-weight:var(--h2_typography-font-weight);--awb-caption-title-font-style:var(--h2_typography-font-style);--awb-caption-title-size:var(--h2_typography-font-size);--awb-caption-title-transform:var(--h2_typography-text-transform);--awb-caption-title-line-height:var(--h2_typography-line-height);--awb-caption-title-letter-spacing:var(--h2_typography-letter-spacing);\"><span class=\" fusion-imageframe imageframe-none imageframe-1 hover-type-none fusion-animated\" data-animationType=\"fadeInDown\" data-animationDuration=\"1.2\" data-animationOffset=\"top-into-view\"><a class=\"fusion-no-lightbox\" href=\"https:\/\/pusite202204.pro-unity.com\/companies\/\" target=\"_self\" aria-label=\"Plan de travail 1 copie 5\"><img decoding=\"async\" width=\"533\" height=\"474\" src=\"https:\/\/www.pro-unity.com\/wp-content\/uploads\/2023\/05\/Plan-de-travail-1-copie-5.png\" alt class=\"img-responsive wp-image-9272\" srcset=\"https:\/\/www.pro-unity.com\/wp-content\/uploads\/2023\/05\/Plan-de-travail-1-copie-5-200x178.png 200w, https:\/\/www.pro-unity.com\/wp-content\/uploads\/2023\/05\/Plan-de-travail-1-copie-5-400x356.png 400w, https:\/\/www.pro-unity.com\/wp-content\/uploads\/2023\/05\/Plan-de-travail-1-copie-5.png 533w\" sizes=\"(max-width: 640px) 100vw, 533px\" \/><\/a><\/span><\/div><\/div><\/div><div class=\"fusion-layout-column fusion_builder_column fusion-builder-column-7 fusion_builder_column_1_3 1_3 fusion-flex-column\" style=\"--awb-bg-size:cover;--awb-width-large:33.3333333333%;--awb-margin-top-large:0px;--awb-spacing-right-large:0px;--awb-margin-bottom-large:20px;--awb-spacing-left-large:0px;--awb-width-medium:33.3333333333%;--awb-order-medium:0;--awb-spacing-right-medium:0px;--awb-spacing-left-medium:0px;--awb-width-small:100%;--awb-order-small:0;--awb-spacing-right-small:0px;--awb-spacing-left-small:0px;\"><div class=\"fusion-column-wrapper fusion-column-has-shadow fusion-flex-justify-content-flex-start fusion-content-layout-column\"><div class=\"fusion-image-element \" style=\"--awb-caption-title-font-family:var(--h2_typography-font-family);--awb-caption-title-font-weight:var(--h2_typography-font-weight);--awb-caption-title-font-style:var(--h2_typography-font-style);--awb-caption-title-size:var(--h2_typography-font-size);--awb-caption-title-transform:var(--h2_typography-text-transform);--awb-caption-title-line-height:var(--h2_typography-line-height);--awb-caption-title-letter-spacing:var(--h2_typography-letter-spacing);\"><span class=\" fusion-imageframe imageframe-none imageframe-2 hover-type-none fusion-animated\" data-animationType=\"fadeInDown\" data-animationDuration=\"1.2\" data-animationOffset=\"top-into-view\"><a class=\"fusion-no-lightbox\" href=\"https:\/\/pusite202204.pro-unity.com\/supplier\/\" target=\"_self\" aria-label=\"Plan de travail 1 copie 4\"><img decoding=\"async\" width=\"533\" height=\"474\" src=\"https:\/\/www.pro-unity.com\/wp-content\/uploads\/2023\/03\/Plan-de-travail-1-copie-4-2.png\" alt class=\"img-responsive wp-image-8786\" srcset=\"https:\/\/www.pro-unity.com\/wp-content\/uploads\/2023\/03\/Plan-de-travail-1-copie-4-2-200x178.png 200w, https:\/\/www.pro-unity.com\/wp-content\/uploads\/2023\/03\/Plan-de-travail-1-copie-4-2-400x356.png 400w, https:\/\/www.pro-unity.com\/wp-content\/uploads\/2023\/03\/Plan-de-travail-1-copie-4-2.png 533w\" sizes=\"(max-width: 640px) 100vw, 533px\" \/><\/a><\/span><\/div><\/div><\/div><div class=\"fusion-layout-column fusion_builder_column fusion-builder-column-8 fusion_builder_column_1_3 1_3 fusion-flex-column\" style=\"--awb-bg-size:cover;--awb-width-large:33.3333333333%;--awb-margin-top-large:0px;--awb-spacing-right-large:0px;--awb-margin-bottom-large:20px;--awb-spacing-left-large:0px;--awb-width-medium:33.3333333333%;--awb-order-medium:0;--awb-spacing-right-medium:0px;--awb-spacing-left-medium:0px;--awb-width-small:100%;--awb-order-small:0;--awb-spacing-right-small:0px;--awb-spacing-left-small:0px;\"><div class=\"fusion-column-wrapper fusion-column-has-shadow fusion-flex-justify-content-flex-start fusion-content-layout-column\"><div class=\"fusion-image-element \" style=\"--awb-caption-title-font-family:var(--h2_typography-font-family);--awb-caption-title-font-weight:var(--h2_typography-font-weight);--awb-caption-title-font-style:var(--h2_typography-font-style);--awb-caption-title-size:var(--h2_typography-font-size);--awb-caption-title-transform:var(--h2_typography-text-transform);--awb-caption-title-line-height:var(--h2_typography-line-height);--awb-caption-title-letter-spacing:var(--h2_typography-letter-spacing);\"><span class=\" fusion-imageframe imageframe-none imageframe-3 hover-type-none fusion-animated\" data-animationType=\"fadeInDown\" data-animationDuration=\"1.2\" data-animationOffset=\"top-into-view\"><a class=\"fusion-no-lightbox\" href=\"https:\/\/pusite202204.pro-unity.com\/freelance\/\" target=\"_self\" aria-label=\"Plan de travail 1 copie 3\"><img decoding=\"async\" width=\"533\" height=\"474\" src=\"https:\/\/www.pro-unity.com\/wp-content\/uploads\/2023\/03\/Plan-de-travail-1-copie-3-4.png\" alt class=\"img-responsive wp-image-8880\" srcset=\"https:\/\/www.pro-unity.com\/wp-content\/uploads\/2023\/03\/Plan-de-travail-1-copie-3-4-200x178.png 200w, https:\/\/www.pro-unity.com\/wp-content\/uploads\/2023\/03\/Plan-de-travail-1-copie-3-4-400x356.png 400w, https:\/\/www.pro-unity.com\/wp-content\/uploads\/2023\/03\/Plan-de-travail-1-copie-3-4.png 533w\" sizes=\"(max-width: 640px) 100vw, 533px\" \/><\/a><\/span><\/div><\/div><\/div><\/div><\/div><\/p>\n","protected":false},"excerpt":{"rendered":"","protected":false},"author":3,"featured_media":0,"parent":0,"menu_order":0,"comment_status":"closed","ping_status":"closed","template":"100-width.php","meta":{"content-type":"","_monsterinsights_skip_tracking":false,"_monsterinsights_sitenote_active":false,"_monsterinsights_sitenote_note":"","_monsterinsights_sitenote_category":0,"footnotes":""},"class_list":["post-9809","page","type-page","status-publish","hentry"],"aioseo_notices":[],"featured_image_src":null,"featured_image_src_square":null,"_links":{"self":[{"href":"https:\/\/www.pro-unity.com\/fr\/wp-json\/wp\/v2\/pages\/9809","targetHints":{"allow":["GET"]}}],"collection":[{"href":"https:\/\/www.pro-unity.com\/fr\/wp-json\/wp\/v2\/pages"}],"about":[{"href":"https:\/\/www.pro-unity.com\/fr\/wp-json\/wp\/v2\/types\/page"}],"author":[{"embeddable":true,"href":"https:\/\/www.pro-unity.com\/fr\/wp-json\/wp\/v2\/users\/3"}],"replies":[{"embeddable":true,"href":"https:\/\/www.pro-unity.com\/fr\/wp-json\/wp\/v2\/comments?post=9809"}],"version-history":[{"count":0,"href":"https:\/\/www.pro-unity.com\/fr\/wp-json\/wp\/v2\/pages\/9809\/revisions"}],"wp:attachment":[{"href":"https:\/\/www.pro-unity.com\/fr\/wp-json\/wp\/v2\/media?parent=9809"}],"curies":[{"name":"wp","href":"https:\/\/api.w.org\/{rel}","templated":true}]}}